{"id":2214,"date":"2022-02-14T14:20:14","date_gmt":"2022-02-14T14:20:14","guid":{"rendered":"https:\/\/yar.deutschetage.ru\/?page_id=2214"},"modified":"2022-11-14T10:06:01","modified_gmt":"2022-11-14T10:06:01","slug":"genrih-gejne-velikij-nemeczkij-lirik-i-myslitel","status":"publish","type":"page","link":"https:\/\/yar.deutschetage.ru\/de\/genrih-gejne-velikij-nemeczkij-lirik-i-myslitel\/","title":{"rendered":"HEINRICH HEINE &#8211; GROSSER DEUTSCHER LYRIKER UND DENKER"},"content":{"rendered":"\n<p><strong><em>Jede Epoche hat ihre eigenen Aufgaben, und ihre L\u00f6sung sichert den Fortschritt der Menschheit<\/em><\/strong><\/p>\n\n\n\n<p>Vor dem Hintergrund heller poetischer Namen in der deutschen Literatur geb\u00fchrt Heinrich Heine ein ganz besonderer Platz. Am 13. Dezember 2022 j\u00e4hrt sich seine Geburt zum 225. Mal. Heine geh\u00f6rt zu denen, die nicht nur seine Zeit erobert haben, sondern auch tief in die Zukunft vorgedrungen sind und zu einem Begleiter des geistigen Lebens der Menschheit geworden sind. Heine gilt als letzter Dichter der \u201eromantischen \u00c4ra\u201c und zugleich als ihr Oberhaupt. Er machte die gesprochene Sprache lyrisch bef\u00e4higt, erhob Feuilleton und Reisebericht zur k\u00fcnstlerischen Form und verlieh der deutschen Sprache eine bis dahin ungewohnte elegante Leichtigkeit. Die Komponisten Franz Schubert und Robert Schumann, Johann Brahms und Pjotr \u200b\u200bTschaikowsky schrieben Lieder auf seine Gedichte. Seine Gedichte wurden von V. Zhukovsky, M. Lermontov, F. Tyutchev, S. Marshak und vielen anderen ins Russische \u00fcbersetzt.<\/p>\n\n\n\n<p><\/p>\n","protected":false},"excerpt":{"rendered":"<p>Jede Epoche hat ihre eigenen Aufgaben, und ihre L\u00f6sung sichert den Fortschritt der Menschheit Vor dem Hintergrund heller poetischer Namen in der deutschen Literatur geb\u00fchrt Heinrich Heine ein ganz besonderer Platz. Am 13. Dezember 2022 j\u00e4hrt sich seine Geburt zum 225. Mal. Heine geh\u00f6rt zu denen, die nicht nur seine Zeit erobert haben, sondern auch [&hellip;]<\/p>\n","protected":false},"author":1,"featured_media":2881,"parent":0,"menu_order":0,"comment_status":"closed","ping_status":"closed","template":"page-templates\/home-2022.php","meta":[],"yoast_head":"<!-- This site is optimized with the Yoast SEO plugin v14.9 - https:\/\/yoast.com\/wordpress\/plugins\/seo\/ -->\n<title>HEINRICH HEINE - GROSSER DEUTSCHER LYRIKER UND DENKER - Deutsche Tage in der Region Jaroslawl<\/title>\n<meta name=\"robots\" content=\"index, follow, max-snippet:-1, max-image-preview:large, max-video-preview:-1\" \/>\n<link rel=\"canonical\" href=\"https:\/\/yar.deutschetage.ru\/genrih-gejne-velikij-nemeczkij-lirik-i-myslitel\/\" \/>\n<meta property=\"og:locale\" content=\"de_DE\" \/>\n<meta property=\"og:type\" content=\"article\" \/>\n<meta property=\"og:title\" content=\"HEINRICH HEINE - GROSSER DEUTSCHER LYRIKER UND DENKER - Deutsche Tage in der Region Jaroslawl\" \/>\n<meta property=\"og:url\" content=\"https:\/\/yar.deutschetage.ru\/genrih-gejne-velikij-nemeczkij-lirik-i-myslitel\/\" \/>\n<meta property=\"og:site_name\" content=\"Deutsche Tage in der Region Jaroslawl\" \/>\n<meta property=\"article:publisher\" content=\"https:\/\/www.facebook.com\/groups\/druzjagermanii\" \/>\n<meta property=\"article:modified_time\" content=\"2022-11-14T10:06:01+00:00\" \/>\n<meta property=\"og:image\" content=\"https:\/\/yar.deutschetage.ru\/wp-content\/uploads\/2022\/11\/snimok-ekrana-2022-11-14-v-13.03.46.png\" \/>\n\t<meta property=\"og:image:width\" content=\"2728\" \/>\n\t<meta property=\"og:image:height\" content=\"1508\" \/>\n<meta name=\"twitter:card\" content=\"summary_large_image\" \/>\n<script type=\"application\/ld+json\" class=\"yoast-schema-graph\">{\"@context\":\"https:\/\/schema.org\",\"@graph\":[{\"@type\":\"WebSite\",\"@id\":\"https:\/\/yar.deutschetage.ru\/de\/#website\",\"url\":\"https:\/\/yar.deutschetage.ru\/de\/\",\"name\":\"Deutsche Tage in der Region Jaroslawl\",\"description\":\"Wissenschaftliche Fantastik oder fantastische Wissenschaft\",\"potentialAction\":[{\"@type\":\"SearchAction\",\"target\":\"https:\/\/yar.deutschetage.ru\/de\/?s={search_term_string}\",\"query-input\":\"required name=search_term_string\"}],\"inLanguage\":\"de-DE\"},{\"@type\":\"ImageObject\",\"@id\":\"https:\/\/yar.deutschetage.ru\/genrih-gejne-velikij-nemeczkij-lirik-i-myslitel\/#primaryimage\",\"inLanguage\":\"de-DE\",\"url\":\"https:\/\/yar.deutschetage.ru\/wp-content\/uploads\/2022\/11\/snimok-ekrana-2022-11-14-v-13.03.46.png\",\"width\":2728,\"height\":1508},{\"@type\":\"WebPage\",\"@id\":\"https:\/\/yar.deutschetage.ru\/genrih-gejne-velikij-nemeczkij-lirik-i-myslitel\/#webpage\",\"url\":\"https:\/\/yar.deutschetage.ru\/genrih-gejne-velikij-nemeczkij-lirik-i-myslitel\/\",\"name\":\"HEINRICH HEINE - GROSSER DEUTSCHER LYRIKER UND DENKER - Deutsche Tage in der Region Jaroslawl\",\"isPartOf\":{\"@id\":\"https:\/\/yar.deutschetage.ru\/de\/#website\"},\"primaryImageOfPage\":{\"@id\":\"https:\/\/yar.deutschetage.ru\/genrih-gejne-velikij-nemeczkij-lirik-i-myslitel\/#primaryimage\"},\"datePublished\":\"2022-02-14T14:20:14+00:00\",\"dateModified\":\"2022-11-14T10:06:01+00:00\",\"breadcrumb\":{\"@id\":\"https:\/\/yar.deutschetage.ru\/genrih-gejne-velikij-nemeczkij-lirik-i-myslitel\/#breadcrumb\"},\"inLanguage\":\"de-DE\",\"potentialAction\":[{\"@type\":\"ReadAction\",\"target\":[\"https:\/\/yar.deutschetage.ru\/genrih-gejne-velikij-nemeczkij-lirik-i-myslitel\/\"]}]},{\"@type\":\"BreadcrumbList\",\"@id\":\"https:\/\/yar.deutschetage.ru\/genrih-gejne-velikij-nemeczkij-lirik-i-myslitel\/#breadcrumb\",\"itemListElement\":[{\"@type\":\"ListItem\",\"position\":1,\"item\":{\"@type\":\"WebPage\",\"@id\":\"https:\/\/yar.deutschetage.ru\/\",\"url\":\"https:\/\/yar.deutschetage.ru\/\",\"name\":\"\\u0413\\u043b\\u0430\\u0432\\u043d\\u0430\\u044f\"}},{\"@type\":\"ListItem\",\"position\":2,\"item\":{\"@type\":\"WebPage\",\"@id\":\"https:\/\/yar.deutschetage.ru\/genrih-gejne-velikij-nemeczkij-lirik-i-myslitel\/\",\"url\":\"https:\/\/yar.deutschetage.ru\/genrih-gejne-velikij-nemeczkij-lirik-i-myslitel\/\",\"name\":\"\\u0413\\u0415\\u041d\\u0420\\u0418\\u0425 \\u0413\\u0415\\u0419\\u041d\\u0415 &#8212; \\u0412\\u0415\\u041b\\u0418\\u041a\\u0418\\u0419 \\u041d\\u0415\\u041c\\u0415\\u0426\\u041a\\u0418\\u0419 \\u041b\\u0418\\u0420\\u0418\\u041a \\u0418 \\u041c\\u042b\\u0421\\u041b\\u0418\\u0422\\u0415\\u041b\\u042c\"}}]}]}<\/script>\n<!-- \/ Yoast SEO plugin. -->","_links":{"self":[{"href":"https:\/\/yar.deutschetage.ru\/de\/wp-json\/wp\/v2\/pages\/2214"}],"collection":[{"href":"https:\/\/yar.deutschetage.ru\/de\/wp-json\/wp\/v2\/pages"}],"about":[{"href":"https:\/\/yar.deutschetage.ru\/de\/wp-json\/wp\/v2\/types\/page"}],"author":[{"embeddable":true,"href":"https:\/\/yar.deutschetage.ru\/de\/wp-json\/wp\/v2\/users\/1"}],"replies":[{"embeddable":true,"href":"https:\/\/yar.deutschetage.ru\/de\/wp-json\/wp\/v2\/comments?post=2214"}],"version-history":[{"count":8,"href":"https:\/\/yar.deutschetage.ru\/de\/wp-json\/wp\/v2\/pages\/2214\/revisions"}],"predecessor-version":[{"id":2882,"href":"https:\/\/yar.deutschetage.ru\/de\/wp-json\/wp\/v2\/pages\/2214\/revisions\/2882"}],"wp:featuredmedia":[{"embeddable":true,"href":"https:\/\/yar.deutschetage.ru\/de\/wp-json\/wp\/v2\/media\/2881"}],"wp:attachment":[{"href":"https:\/\/yar.deutschetage.ru\/de\/wp-json\/wp\/v2\/media?parent=2214"}],"curies":[{"name":"wp","href":"https:\/\/api.w.org\/{rel}","templated":true}]}}