{"id":28,"date":"2020-09-11T15:05:04","date_gmt":"2020-09-11T15:05:04","guid":{"rendered":"https:\/\/yar.deutschetage.ru\/?page_id=28"},"modified":"2024-04-09T16:06:38","modified_gmt":"2024-04-09T16:06:38","slug":"about","status":"publish","type":"page","link":"https:\/\/yar.deutschetage.ru\/de\/about\/","title":{"rendered":"\u00dcber uns"},"content":{"rendered":"\n<p>Seit 2004 besteht das Projekt dank der aktiven Arbeit \u00f6ffentlicher Organisationen:<\/p>\n\n\n\n<p>&#8211; Jaroslawler regionale \u00f6ffentliche Organisation &#8222;Russisch-Deutsch-Franz\u00f6sischer Freundschaftsverein\u201c (bis 2017 &#8211; Jaroslawler regionale \u00f6ffentliche Organisation &#8222;Partner Deutschlands&#8220;)<\/p>\n\n\n\n<p>&#8211; \u00d6ffentliche Organisation der Stadt Jaroslawl &#8222;Freundschaftsverein Jaroslawl &#8211; Hanau&#8220;<\/p>\n\n\n\n<p>&#8211; Jaroslawler regionale gesellschaftliche Wohlt\u00e4tigkeitsorganisation &#8222;Verband der Deutschen der Region Jaroslawl&#8220;<\/p>\n\n\n\n<p>Wir danken der deutschen Botschaft in Moskau, der Stadtverwaltung Jaroslawl und der Regierung der Region Jaroslawl f\u00fcr die enorme Unterst\u00fctzung unseres Projekts und die unsch\u00e4tzbare F\u00f6rderung bei dessen Umsetzung.<\/p>\n\n\n\n<p>Wir freuen uns, dass die st\u00e4ndigen Partner des Projekts sind:<\/p>\n\n\n\n<p>Staatliche P\u00e4dagogische Uschinskij-Universit\u00e4t Jaroslawl, Staatliche Demidow-Universit\u00e4t Jaroslawl, Staatliche Technische Universit\u00e4t Jaroslawl, Regionale Wissenschaftliche und Technische Nekrassow-Bibliothek Jaroslawl,<\/p>\n\n\n\n<p>sowie unsere deutschen Freunde:<\/p>\n\n\n\n<p>Freundschaftsverein &#8222;Partner f\u00fcr Jaroslawl&#8220; (Kassel), Freundschaftsverein f\u00fcr Jaroslawl (Hanau), Deutsch-Franz\u00f6sischer Freundschaftskreis DFFK \/ AFA (Wiesbaden), Verein f\u00fcr interkulturelle Kommunikation Russlands und Hessen HERUS (Wiesbaden) &#8230;<\/p>\n\n\n\n<p>Das Projekt wird von den an der russisch-deutschen Partnerschaft beteiligten Kommunalverwaltungen, St\u00e4dten und Bezirken sehr unterst\u00fctzt. Dies sind vor allem die St\u00e4dte Jaroslawl, Kassel und Hanau, Uglitsch und Idstein, Rostow und Bernburg, Pereslawl und Waldeck-Frankenberg.<\/p>\n\n\n\n<p>Wir m\u00f6chten uns bei allen Sponsoren &#8211; deutschen und russischen Unternehmen und Einzelpersonen &#8211; bedanken, die mit ihrem Beitrag die Durchf\u00fchrung eines hellen und ereignisreichen Programms erm\u00f6glicht haben.<\/p>\n\n\n\n<p>Wir danken allen zahlreichen deutschen und jaroslawler Organisationen und Einzelpersonen, die zur Vorbereitung und Durchf\u00fchrung des Festivals Deutsche Tage in der Region Jaroslawl beigetragen haben.<\/p>\n\n\n\n<p>Melden Sie sich bei uns unter yargerrus@gmail.com<\/p>\n\n\n\n<figure class=\"wp-block-gallery columns-1 is-cropped\"><ul class=\"blocks-gallery-grid\"><li class=\"blocks-gallery-item\"><figure><img loading=\"lazy\" width=\"1024\" height=\"760\" src=\"https:\/\/yar.deutschetage.ru\/wp-content\/uploads\/2020\/09\/fb_5mczvamc-1024x760.jpg\" alt=\"\" data-id=\"242\" data-full-url=\"https:\/\/yar.deutschetage.ru\/wp-content\/uploads\/2020\/09\/fb_5mczvamc.jpg\" data-link=\"https:\/\/yar.deutschetage.ru\/about\/fb_5mczvamc\/\" class=\"wp-image-242\" srcset=\"https:\/\/yar.deutschetage.ru\/wp-content\/uploads\/2020\/09\/fb_5mczvamc-1024x760.jpg 1024w, https:\/\/yar.deutschetage.ru\/wp-content\/uploads\/2020\/09\/fb_5mczvamc-300x223.jpg 300w, https:\/\/yar.deutschetage.ru\/wp-content\/uploads\/2020\/09\/fb_5mczvamc-768x570.jpg 768w, https:\/\/yar.deutschetage.ru\/wp-content\/uploads\/2020\/09\/fb_5mczvamc-1536x1139.jpg 1536w, https:\/\/yar.deutschetage.ru\/wp-content\/uploads\/2020\/09\/fb_5mczvamc-2048x1519.jpg 2048w\" sizes=\"(max-width: 1024px) 100vw, 1024px\" \/><\/figure><\/li><\/ul><\/figure>\n","protected":false},"excerpt":{"rendered":"<p>Seit 2004 besteht das Projekt dank der aktiven Arbeit \u00f6ffentlicher Organisationen: &#8211; Jaroslawler regionale \u00f6ffentliche Organisation &#8222;Russisch-Deutsch-Franz\u00f6sischer Freundschaftsverein\u201c (bis 2017 &#8211; Jaroslawler regionale \u00f6ffentliche Organisation &#8222;Partner Deutschlands&#8220;) &#8211; \u00d6ffentliche Organisation der Stadt Jaroslawl &#8222;Freundschaftsverein Jaroslawl &#8211; Hanau&#8220; &#8211; Jaroslawler regionale gesellschaftliche Wohlt\u00e4tigkeitsorganisation &#8222;Verband der Deutschen der Region Jaroslawl&#8220; Wir danken der deutschen Botschaft in Moskau, [&hellip;]<\/p>\n","protected":false},"author":1,"featured_media":0,"parent":0,"menu_order":0,"comment_status":"closed","ping_status":"closed","template":"","meta":[],"yoast_head":"<!-- This site is optimized with the Yoast SEO plugin v14.9 - https:\/\/yoast.com\/wordpress\/plugins\/seo\/ -->\n<title>\u00dcber uns - Deutsche Tage in der Region Jaroslawl<\/title>\n<meta name=\"robots\" content=\"index, follow, max-snippet:-1, max-image-preview:large, max-video-preview:-1\" \/>\n<link rel=\"canonical\" href=\"https:\/\/yar.deutschetage.ru\/about\/\" \/>\n<meta property=\"og:locale\" content=\"de_DE\" \/>\n<meta property=\"og:type\" content=\"article\" \/>\n<meta property=\"og:title\" content=\"\u00dcber uns - Deutsche Tage in der Region Jaroslawl\" \/>\n<meta property=\"og:url\" content=\"https:\/\/yar.deutschetage.ru\/about\/\" \/>\n<meta property=\"og:site_name\" content=\"Deutsche Tage in der Region Jaroslawl\" \/>\n<meta property=\"article:publisher\" content=\"https:\/\/www.facebook.com\/groups\/druzjagermanii\" \/>\n<meta property=\"article:modified_time\" content=\"2024-04-09T16:06:38+00:00\" \/>\n<meta property=\"og:image\" content=\"https:\/\/yar.deutschetage.ru\/wp-content\/uploads\/2020\/09\/fb_5mczvamc-1024x760.jpg\" \/>\n<meta name=\"twitter:card\" content=\"summary_large_image\" \/>\n<script type=\"application\/ld+json\" class=\"yoast-schema-graph\">{\"@context\":\"https:\/\/schema.org\",\"@graph\":[{\"@type\":\"WebSite\",\"@id\":\"https:\/\/yar.deutschetage.ru\/de\/#website\",\"url\":\"https:\/\/yar.deutschetage.ru\/de\/\",\"name\":\"Deutsche Tage in der Region Jaroslawl\",\"description\":\"Wissenschaftliche Fantastik oder fantastische Wissenschaft\",\"potentialAction\":[{\"@type\":\"SearchAction\",\"target\":\"https:\/\/yar.deutschetage.ru\/de\/?s={search_term_string}\",\"query-input\":\"required name=search_term_string\"}],\"inLanguage\":\"de-DE\"},{\"@type\":\"ImageObject\",\"@id\":\"https:\/\/yar.deutschetage.ru\/about\/#primaryimage\",\"inLanguage\":\"de-DE\",\"url\":\"https:\/\/yar.deutschetage.ru\/wp-content\/uploads\/2020\/09\/fb_5mczvamc.jpg\",\"width\":2560,\"height\":1899},{\"@type\":\"WebPage\",\"@id\":\"https:\/\/yar.deutschetage.ru\/about\/#webpage\",\"url\":\"https:\/\/yar.deutschetage.ru\/about\/\",\"name\":\"\\u00dcber uns - Deutsche Tage in der Region Jaroslawl\",\"isPartOf\":{\"@id\":\"https:\/\/yar.deutschetage.ru\/de\/#website\"},\"primaryImageOfPage\":{\"@id\":\"https:\/\/yar.deutschetage.ru\/about\/#primaryimage\"},\"datePublished\":\"2020-09-11T15:05:04+00:00\",\"dateModified\":\"2024-04-09T16:06:38+00:00\",\"breadcrumb\":{\"@id\":\"https:\/\/yar.deutschetage.ru\/about\/#breadcrumb\"},\"inLanguage\":\"de-DE\",\"potentialAction\":[{\"@type\":\"ReadAction\",\"target\":[\"https:\/\/yar.deutschetage.ru\/about\/\"]}]},{\"@type\":\"BreadcrumbList\",\"@id\":\"https:\/\/yar.deutschetage.ru\/about\/#breadcrumb\",\"itemListElement\":[{\"@type\":\"ListItem\",\"position\":1,\"item\":{\"@type\":\"WebPage\",\"@id\":\"https:\/\/yar.deutschetage.ru\/\",\"url\":\"https:\/\/yar.deutschetage.ru\/\",\"name\":\"\\u0413\\u043b\\u0430\\u0432\\u043d\\u0430\\u044f\"}},{\"@type\":\"ListItem\",\"position\":2,\"item\":{\"@type\":\"WebPage\",\"@id\":\"https:\/\/yar.deutschetage.ru\/about\/\",\"url\":\"https:\/\/yar.deutschetage.ru\/about\/\",\"name\":\"\\u041e \\u043d\\u0430\\u0441\"}}]}]}<\/script>\n<!-- \/ Yoast SEO plugin. -->","_links":{"self":[{"href":"https:\/\/yar.deutschetage.ru\/de\/wp-json\/wp\/v2\/pages\/28"}],"collection":[{"href":"https:\/\/yar.deutschetage.ru\/de\/wp-json\/wp\/v2\/pages"}],"about":[{"href":"https:\/\/yar.deutschetage.ru\/de\/wp-json\/wp\/v2\/types\/page"}],"author":[{"embeddable":true,"href":"https:\/\/yar.deutschetage.ru\/de\/wp-json\/wp\/v2\/users\/1"}],"replies":[{"embeddable":true,"href":"https:\/\/yar.deutschetage.ru\/de\/wp-json\/wp\/v2\/comments?post=28"}],"version-history":[{"count":24,"href":"https:\/\/yar.deutschetage.ru\/de\/wp-json\/wp\/v2\/pages\/28\/revisions"}],"predecessor-version":[{"id":4342,"href":"https:\/\/yar.deutschetage.ru\/de\/wp-json\/wp\/v2\/pages\/28\/revisions\/4342"}],"wp:attachment":[{"href":"https:\/\/yar.deutschetage.ru\/de\/wp-json\/wp\/v2\/media?parent=28"}],"curies":[{"name":"wp","href":"https:\/\/api.w.org\/{rel}","templated":true}]}}