{"id":30,"date":"2020-09-11T15:08:46","date_gmt":"2020-09-11T15:08:46","guid":{"rendered":"https:\/\/yar.deutschetage.ru\/?page_id=30"},"modified":"2020-09-14T20:40:06","modified_gmt":"2020-09-14T20:40:06","slug":"istoriya-proekta","status":"publish","type":"page","link":"https:\/\/yar.deutschetage.ru\/de\/istoriya-proekta\/","title":{"rendered":"Geschichte"},"content":{"rendered":"\n<p>Im Rahmen des Jahres der Deutsch-russischen Kulturbegegnungen 2003\/2004 wurde das Projekt \u201eDeutsche Tage in den Regionen\u201c aus der Wiege gehoben und erfreut sich seitdem unvermindert gro\u00dfer Beliebtheit. Jedes Jahr werden russlandweit die Deutschen Tage von der Botschaft und den Generalkonsulaten unterst\u00fctzt.<\/p>\n\n\n\n<p>Die Deutschen Tage sind Veranstaltungsreihen mit Festivalcharakter, die mehrere Tage oder Wochen dauern und verschiedene deutschlandbezogene Veranstaltungen aus den Bereichen Kultur, Bildung, Wissenschaft und Wirtschaft zusammenf\u00fchren und damit ein umfassendes, modernes und aktuelles Deutschlandbild zeigen m\u00f6chten. Im Mittelpunkt stehen im Rahmen von Konferenzen, Seminaren, Konzerten, Ausstellungen, Theaterauff\u00fchrungen u.v.m. die F\u00f6rderung der deutschen Sprache und Kultur, klassische und zeitgen\u00f6ssische Kunst und Landeskunde, aktuelle deutsche oder europa\u00fcbergreifende Frage- und Problemstellungen sowie interkulturelle deutsch-russische Begegnungen.<\/p>\n\n\n\n<p>Das erste Festival &#8222;Deutsche Tage in der Region Jaroslawl&#8220; fand 2004 im Format der &#8222;Woche der deutschen Sprache&#8220; des Jaroslawler Zentrums f\u00fcr die deutsche Sprache &#8211; &nbsp;offiziellen Partner des Goethe-Instituts statt. Seitdem ist es eine j\u00e4hrliche Veranstaltung f\u00fcr unsere Region geworden.<\/p>\n\n\n\n<p>\u00d6ffentliche Organisationen, Bildungseinrichtungen und Kulturinstitutionen veranstalten an ihren Veranstaltungsorten verschiedene Veranstaltungen, die f\u00fcr Teilnehmer und Zuschauer aller Altersgruppen und Berufe gleicherma\u00dfen interessant sind. Angesichts der langen und aktiven Beziehungen der Region Jaroslawl zu den deutschen Regionen w\u00e4chst das Interesse der Bev\u00f6lkerung der Region Jaroslawl f\u00fcr die deutsche Sprache und deutsche Kultur stetig.<\/p>\n\n\n\n<p>Dies bestimmt die Themen der Events in verschiedenen Jahren: \u201eTheaterfestival\u201c Courage \u201d,\u201c Academie der Musik \u201d, Sportfestival\u201c Oh, Sport! Du bist Frieden! \u201c, Konferenz \u201e Ber\u00fcmte Deutsche der Region Jaroslawl\u201c, Event\u201e Festival der deutschen K\u00fcche \u201cund andere.<\/p>\n\n\n\n<p>Jedes Jahr gewinnt unser Festival neue Partner und neue Veranstaltungsorte.<\/p>\n\n\n\n<p>Dies best\u00e4tigt den Erfolg und die Attraktivit\u00e4t des Projekts.<\/p>\n\n\n\n<p>Wir erwarten Sie mit Ihren Ideen bei unserem Festival &#8222;Deutsche Tage in der Region Jaroslawl&#8220;!<\/p>\n\n\n\n<figure class=\"wp-block-image size-large\"><img loading=\"lazy\" width=\"1024\" height=\"680\" src=\"https:\/\/yar.deutschetage.ru\/wp-content\/uploads\/2020\/09\/dsc0593-1-1024x680.jpg\" alt=\"\" class=\"wp-image-188\" srcset=\"https:\/\/yar.deutschetage.ru\/wp-content\/uploads\/2020\/09\/dsc0593-1-1024x680.jpg 1024w, https:\/\/yar.deutschetage.ru\/wp-content\/uploads\/2020\/09\/dsc0593-1-300x199.jpg 300w, https:\/\/yar.deutschetage.ru\/wp-content\/uploads\/2020\/09\/dsc0593-1-768x510.jpg 768w, https:\/\/yar.deutschetage.ru\/wp-content\/uploads\/2020\/09\/dsc0593-1-1536x1020.jpg 1536w, https:\/\/yar.deutschetage.ru\/wp-content\/uploads\/2020\/09\/dsc0593-1.jpg 1608w\" sizes=\"(max-width: 1024px) 100vw, 1024px\" \/><\/figure>\n\n\n\n<figure class=\"wp-block-image size-large\"><img loading=\"lazy\" width=\"1024\" height=\"768\" src=\"https:\/\/yar.deutschetage.ru\/wp-content\/uploads\/2020\/09\/2007-1-1024x768.jpg\" alt=\"\" class=\"wp-image-189\" srcset=\"https:\/\/yar.deutschetage.ru\/wp-content\/uploads\/2020\/09\/2007-1-1024x768.jpg 1024w, https:\/\/yar.deutschetage.ru\/wp-content\/uploads\/2020\/09\/2007-1-300x225.jpg 300w, https:\/\/yar.deutschetage.ru\/wp-content\/uploads\/2020\/09\/2007-1-768x576.jpg 768w, https:\/\/yar.deutschetage.ru\/wp-content\/uploads\/2020\/09\/2007-1-1536x1152.jpg 1536w, https:\/\/yar.deutschetage.ru\/wp-content\/uploads\/2020\/09\/2007-1-2048x1536.jpg 2048w\" sizes=\"(max-width: 1024px) 100vw, 1024px\" \/><\/figure>\n\n\n\n<figure class=\"wp-block-image size-large\"><img loading=\"lazy\" width=\"676\" height=\"480\" src=\"https:\/\/yar.deutschetage.ru\/wp-content\/uploads\/2020\/09\/dsc_8319-small-1.jpg\" alt=\"\" class=\"wp-image-190\" srcset=\"https:\/\/yar.deutschetage.ru\/wp-content\/uploads\/2020\/09\/dsc_8319-small-1.jpg 676w, https:\/\/yar.deutschetage.ru\/wp-content\/uploads\/2020\/09\/dsc_8319-small-1-300x213.jpg 300w\" sizes=\"(max-width: 676px) 100vw, 676px\" \/><\/figure>\n\n\n\n<figure class=\"wp-block-image size-large\"><img loading=\"lazy\" width=\"1024\" height=\"768\" src=\"https:\/\/yar.deutschetage.ru\/wp-content\/uploads\/2020\/09\/2009-kurazh-2-1-1024x768.jpg\" alt=\"\" class=\"wp-image-191\" srcset=\"https:\/\/yar.deutschetage.ru\/wp-content\/uploads\/2020\/09\/2009-kurazh-2-1-1024x768.jpg 1024w, https:\/\/yar.deutschetage.ru\/wp-content\/uploads\/2020\/09\/2009-kurazh-2-1-300x225.jpg 300w, https:\/\/yar.deutschetage.ru\/wp-content\/uploads\/2020\/09\/2009-kurazh-2-1-768x576.jpg 768w, https:\/\/yar.deutschetage.ru\/wp-content\/uploads\/2020\/09\/2009-kurazh-2-1-1536x1152.jpg 1536w, https:\/\/yar.deutschetage.ru\/wp-content\/uploads\/2020\/09\/2009-kurazh-2-1-2048x1536.jpg 2048w\" sizes=\"(max-width: 1024px) 100vw, 1024px\" \/><figcaption>OLYMPUS DIGITAL CAMERA<\/figcaption><\/figure>\n\n\n\n<figure class=\"wp-block-image size-large\"><img loading=\"lazy\" width=\"1024\" height=\"683\" src=\"https:\/\/yar.deutschetage.ru\/wp-content\/uploads\/2020\/09\/img_0018-1-1024x683.jpg\" alt=\"\" class=\"wp-image-192\" srcset=\"https:\/\/yar.deutschetage.ru\/wp-content\/uploads\/2020\/09\/img_0018-1-1024x683.jpg 1024w, https:\/\/yar.deutschetage.ru\/wp-content\/uploads\/2020\/09\/img_0018-1-300x200.jpg 300w, https:\/\/yar.deutschetage.ru\/wp-content\/uploads\/2020\/09\/img_0018-1-768x512.jpg 768w, https:\/\/yar.deutschetage.ru\/wp-content\/uploads\/2020\/09\/img_0018-1-1536x1024.jpg 1536w, https:\/\/yar.deutschetage.ru\/wp-content\/uploads\/2020\/09\/img_0018-1-2048x1365.jpg 2048w\" sizes=\"(max-width: 1024px) 100vw, 1024px\" \/><\/figure>\n","protected":false},"excerpt":{"rendered":"<p>Im Rahmen des Jahres der Deutsch-russischen Kulturbegegnungen 2003\/2004 wurde das Projekt \u201eDeutsche Tage in den Regionen\u201c aus der Wiege gehoben und erfreut sich seitdem unvermindert gro\u00dfer Beliebtheit. Jedes Jahr werden russlandweit die Deutschen Tage von der Botschaft und den Generalkonsulaten unterst\u00fctzt. Die Deutschen Tage sind Veranstaltungsreihen mit Festivalcharakter, die mehrere Tage oder Wochen dauern und [&hellip;]<\/p>\n","protected":false},"author":1,"featured_media":0,"parent":0,"menu_order":0,"comment_status":"closed","ping_status":"closed","template":"","meta":[],"yoast_head":"<!-- This site is optimized with the Yoast SEO plugin v14.9 - https:\/\/yoast.com\/wordpress\/plugins\/seo\/ -->\n<title>Geschichte - Deutsche Tage in der Region Jaroslawl<\/title>\n<meta name=\"robots\" content=\"index, follow, max-snippet:-1, max-image-preview:large, max-video-preview:-1\" \/>\n<link rel=\"canonical\" href=\"https:\/\/yar.deutschetage.ru\/istoriya-proekta\/\" \/>\n<meta property=\"og:locale\" content=\"de_DE\" \/>\n<meta property=\"og:type\" content=\"article\" \/>\n<meta property=\"og:title\" content=\"Geschichte - Deutsche Tage in der Region Jaroslawl\" \/>\n<meta property=\"og:url\" content=\"https:\/\/yar.deutschetage.ru\/istoriya-proekta\/\" \/>\n<meta property=\"og:site_name\" content=\"Deutsche Tage in der Region Jaroslawl\" \/>\n<meta property=\"article:publisher\" content=\"https:\/\/www.facebook.com\/groups\/druzjagermanii\" \/>\n<meta property=\"article:modified_time\" content=\"2020-09-14T20:40:06+00:00\" \/>\n<meta property=\"og:image\" content=\"https:\/\/yar.deutschetage.ru\/wp-content\/uploads\/2020\/09\/2007-1024x768.jpg\" \/>\n<meta name=\"twitter:card\" content=\"summary_large_image\" \/>\n<script type=\"application\/ld+json\" class=\"yoast-schema-graph\">{\"@context\":\"https:\/\/schema.org\",\"@graph\":[{\"@type\":\"WebSite\",\"@id\":\"https:\/\/yar.deutschetage.ru\/de\/#website\",\"url\":\"https:\/\/yar.deutschetage.ru\/de\/\",\"name\":\"Deutsche Tage in der Region Jaroslawl\",\"description\":\"Wissenschaftliche Fantastik oder fantastische Wissenschaft\",\"potentialAction\":[{\"@type\":\"SearchAction\",\"target\":\"https:\/\/yar.deutschetage.ru\/de\/?s={search_term_string}\",\"query-input\":\"required name=search_term_string\"}],\"inLanguage\":\"de-DE\"},{\"@type\":\"ImageObject\",\"@id\":\"https:\/\/yar.deutschetage.ru\/istoriya-proekta\/#primaryimage\",\"inLanguage\":\"de-DE\",\"url\":\"https:\/\/yar.deutschetage.ru\/wp-content\/uploads\/2020\/09\/2007-1024x768.jpg\"},{\"@type\":\"WebPage\",\"@id\":\"https:\/\/yar.deutschetage.ru\/istoriya-proekta\/#webpage\",\"url\":\"https:\/\/yar.deutschetage.ru\/istoriya-proekta\/\",\"name\":\"Geschichte - Deutsche Tage in der Region Jaroslawl\",\"isPartOf\":{\"@id\":\"https:\/\/yar.deutschetage.ru\/de\/#website\"},\"primaryImageOfPage\":{\"@id\":\"https:\/\/yar.deutschetage.ru\/istoriya-proekta\/#primaryimage\"},\"datePublished\":\"2020-09-11T15:08:46+00:00\",\"dateModified\":\"2020-09-14T20:40:06+00:00\",\"breadcrumb\":{\"@id\":\"https:\/\/yar.deutschetage.ru\/istoriya-proekta\/#breadcrumb\"},\"inLanguage\":\"de-DE\",\"potentialAction\":[{\"@type\":\"ReadAction\",\"target\":[\"https:\/\/yar.deutschetage.ru\/istoriya-proekta\/\"]}]},{\"@type\":\"BreadcrumbList\",\"@id\":\"https:\/\/yar.deutschetage.ru\/istoriya-proekta\/#breadcrumb\",\"itemListElement\":[{\"@type\":\"ListItem\",\"position\":1,\"item\":{\"@type\":\"WebPage\",\"@id\":\"https:\/\/yar.deutschetage.ru\/\",\"url\":\"https:\/\/yar.deutschetage.ru\/\",\"name\":\"\\u0413\\u043b\\u0430\\u0432\\u043d\\u0430\\u044f\"}},{\"@type\":\"ListItem\",\"position\":2,\"item\":{\"@type\":\"WebPage\",\"@id\":\"https:\/\/yar.deutschetage.ru\/istoriya-proekta\/\",\"url\":\"https:\/\/yar.deutschetage.ru\/istoriya-proekta\/\",\"name\":\"\\u0418\\u0441\\u0442\\u043e\\u0440\\u0438\\u044f \\u043f\\u0440\\u043e\\u0435\\u043a\\u0442\\u0430\"}}]}]}<\/script>\n<!-- \/ Yoast SEO plugin. -->","_links":{"self":[{"href":"https:\/\/yar.deutschetage.ru\/de\/wp-json\/wp\/v2\/pages\/30"}],"collection":[{"href":"https:\/\/yar.deutschetage.ru\/de\/wp-json\/wp\/v2\/pages"}],"about":[{"href":"https:\/\/yar.deutschetage.ru\/de\/wp-json\/wp\/v2\/types\/page"}],"author":[{"embeddable":true,"href":"https:\/\/yar.deutschetage.ru\/de\/wp-json\/wp\/v2\/users\/1"}],"replies":[{"embeddable":true,"href":"https:\/\/yar.deutschetage.ru\/de\/wp-json\/wp\/v2\/comments?post=30"}],"version-history":[{"count":5,"href":"https:\/\/yar.deutschetage.ru\/de\/wp-json\/wp\/v2\/pages\/30\/revisions"}],"predecessor-version":[{"id":308,"href":"https:\/\/yar.deutschetage.ru\/de\/wp-json\/wp\/v2\/pages\/30\/revisions\/308"}],"wp:attachment":[{"href":"https:\/\/yar.deutschetage.ru\/de\/wp-json\/wp\/v2\/media?parent=30"}],"curies":[{"name":"wp","href":"https:\/\/api.w.org\/{rel}","templated":true}]}}