{"id":3099,"date":"2023-03-07T16:32:03","date_gmt":"2023-03-07T16:32:03","guid":{"rendered":"https:\/\/yar.deutschetage.ru\/?page_id=3099"},"modified":"2023-03-26T11:37:49","modified_gmt":"2023-03-26T11:37:49","slug":"nauchnaya-fantastika","status":"publish","type":"page","link":"https:\/\/yar.deutschetage.ru\/de\/nauchnaya-fantastika\/","title":{"rendered":"Wissenschaftliche Fantastik oder fantastische Wissenschaft"},"content":{"rendered":"\n<p>Deutschland verf\u00fcgt wie kein anderes Land \u00fcber eine F\u00fclle brillanter Wissenschaftler und Erfinder. Viele deutsche Namen sind uns aus einem Schulkurs in Physik oder Chemie bekannt: Hertz, R\u00f6ntgen, Ohm, Bohr, Gau\u00df &#8230; Eine Vielzahl moderner Technologien basiert sich auf deutschen Entdeckungen auf dem Gebiet der theoretischen Physik und Mathematik, die heute verwischen die Grenze zwischen Fantasie und Realit\u00e4t. In Deutschland wurden viele einfache, aber gleichzeitig f\u00fcr jeden Menschen so notwendige Gegenst\u00e4nde erfunden, die aus dem modernen Leben nicht mehr wegzudenken sind.<\/p>\n\n\n\n<!--nextpage-->\n","protected":false},"excerpt":{"rendered":"<p>\u0413\u0435\u0440\u043c\u0430\u043d\u0438\u044f \u043a\u0430\u043a \u043d\u0438\u043a\u0430\u043a\u0430\u044f \u0434\u0440\u0443\u0433\u0430\u044f \u0441\u0442\u0440\u0430\u043d\u0430 \u043c\u043e\u0436\u0435\u0442 \u043f\u043e\u0445\u0432\u0430\u0441\u0442\u0430\u0442\u044c\u0441\u044f \u0438\u0437\u043e\u0431\u0438\u043b\u0438\u0435\u043c \u0433\u0435\u043d\u0438\u0430\u043b\u044c\u043d\u044b\u0445 \u0443\u0447\u0435\u043d\u044b\u0445 \u0438 \u0438\u0437\u043e\u0431\u0440\u0435\u0442\u0430\u0442\u0435\u043b\u0435\u0439. \u041c\u043d\u043e\u0433\u0438\u0435 \u043d\u0435\u043c\u0435\u0446\u043a\u0438\u0435 \u0438\u043c\u0435\u043d\u0430 \u0437\u043d\u0430\u043a\u043e\u043c\u044b \u043d\u0430\u043c \u0438\u0437 \u0448\u043a\u043e\u043b\u044c\u043d\u043e\u0433\u043e \u043a\u0443\u0440\u0441\u0430 \u0444\u0438\u0437\u0438\u043a\u0438 \u0438\u043b\u0438 \u0445\u0438\u043c\u0438\u0438: \u0413\u0435\u0440\u0446, \u0420\u0435\u043d\u0442\u0433\u0435\u043d, \u041e\u043c, \u0411\u043e\u0440, \u0413\u0430\u0443\u0441\u0441\u2026 \u041d\u0430 \u043d\u0435\u043c\u0435\u0446\u043a\u0438\u0445 \u043e\u0442\u043a\u0440\u044b\u0442\u0438\u044f\u0445 \u0432 \u043e\u0431\u043b\u0430\u0441\u0442\u0438 \u0442\u0435\u043e\u0440\u0435\u0442\u0438\u0447\u0435\u0441\u043a\u043e\u0439 \u0444\u0438\u0437\u0438\u043a\u0438 \u0438 \u043c\u0430\u0442\u0435\u043c\u0430\u0442\u0438\u043a\u0438 \u043e\u0441\u043d\u043e\u0432\u0430\u043d\u043e \u043e\u0433\u0440\u043e\u043c\u043d\u043e\u0435 \u043a\u043e\u043b\u0438\u0447\u0435\u0441\u0442\u0432\u043e \u0441\u043e\u0432\u0440\u0435\u043c\u0435\u043d\u043d\u044b\u0445 \u0442\u0435\u0445\u043d\u043e\u043b\u043e\u0433\u0438\u0439, \u043a\u043e\u0442\u043e\u0440\u044b\u0435 \u0441\u0435\u0433\u043e\u0434\u043d\u044f \u0441\u0442\u0438\u0440\u0430\u044e\u0442 \u0433\u0440\u0430\u043d\u044c \u043c\u0435\u0436\u0434\u0443 \u0444\u0430\u043d\u0442\u0430\u0441\u0442\u0438\u043a\u043e\u0439 \u0438 \u0440\u0435\u0430\u043b\u044c\u043d\u043e\u0441\u0442\u044c\u044e. \u0418\u043c\u0435\u043d\u043d\u043e \u0432 \u0413\u0435\u0440\u043c\u0430\u043d\u0438\u0438 \u0431\u044b\u043b\u043e \u0438\u0437\u043e\u0431\u0440\u0435\u0442\u0435\u043d\u043e [&hellip;]<\/p>\n","protected":false},"author":1,"featured_media":3100,"parent":0,"menu_order":0,"comment_status":"closed","ping_status":"closed","template":"page-templates\/home-2023.php","meta":[],"yoast_head":"<!-- This site is optimized with the Yoast SEO plugin v14.9 - https:\/\/yoast.com\/wordpress\/plugins\/seo\/ -->\n<title>Wissenschaftliche Fantastik oder fantastische Wissenschaft - Deutsche Tage in der Region Jaroslawl<\/title>\n<meta name=\"robots\" content=\"index, follow, max-snippet:-1, max-image-preview:large, max-video-preview:-1\" \/>\n<link rel=\"canonical\" href=\"https:\/\/yar.deutschetage.ru\/nauchnaya-fantastika\/\" \/>\n<link rel=\"next\" href=\"https:\/\/yar.deutschetage.ru\/nauchnaya-fantastika\/2\/\" \/>\n<meta property=\"og:locale\" content=\"de_DE\" \/>\n<meta property=\"og:type\" content=\"article\" \/>\n<meta property=\"og:title\" content=\"Wissenschaftliche Fantastik oder fantastische Wissenschaft - Deutsche Tage in der Region Jaroslawl\" \/>\n<meta property=\"og:url\" content=\"https:\/\/yar.deutschetage.ru\/nauchnaya-fantastika\/\" \/>\n<meta property=\"og:site_name\" content=\"Deutsche Tage in der Region Jaroslawl\" \/>\n<meta property=\"article:publisher\" content=\"https:\/\/www.facebook.com\/groups\/druzjagermanii\" \/>\n<meta property=\"article:modified_time\" content=\"2023-03-26T11:37:49+00:00\" \/>\n<meta property=\"og:image\" content=\"https:\/\/yar.deutschetage.ru\/wp-content\/uploads\/2023\/03\/2629.jpg\" \/>\n\t<meta property=\"og:image:width\" content=\"264\" \/>\n\t<meta property=\"og:image:height\" content=\"330\" \/>\n<meta name=\"twitter:card\" content=\"summary_large_image\" \/>\n<script type=\"application\/ld+json\" class=\"yoast-schema-graph\">{\"@context\":\"https:\/\/schema.org\",\"@graph\":[{\"@type\":\"WebSite\",\"@id\":\"https:\/\/yar.deutschetage.ru\/de\/#website\",\"url\":\"https:\/\/yar.deutschetage.ru\/de\/\",\"name\":\"Deutsche Tage in der Region Jaroslawl\",\"description\":\"Wissenschaftliche Fantastik oder fantastische Wissenschaft\",\"potentialAction\":[{\"@type\":\"SearchAction\",\"target\":\"https:\/\/yar.deutschetage.ru\/de\/?s={search_term_string}\",\"query-input\":\"required name=search_term_string\"}],\"inLanguage\":\"de-DE\"},{\"@type\":\"ImageObject\",\"@id\":\"https:\/\/yar.deutschetage.ru\/nauchnaya-fantastika\/#primaryimage\",\"inLanguage\":\"de-DE\",\"url\":\"https:\/\/yar.deutschetage.ru\/wp-content\/uploads\/2023\/03\/2629.jpg\",\"width\":264,\"height\":330},{\"@type\":\"WebPage\",\"@id\":\"https:\/\/yar.deutschetage.ru\/nauchnaya-fantastika\/#webpage\",\"url\":\"https:\/\/yar.deutschetage.ru\/nauchnaya-fantastika\/\",\"name\":\"Wissenschaftliche Fantastik oder fantastische Wissenschaft - Deutsche Tage in der Region Jaroslawl\",\"isPartOf\":{\"@id\":\"https:\/\/yar.deutschetage.ru\/de\/#website\"},\"primaryImageOfPage\":{\"@id\":\"https:\/\/yar.deutschetage.ru\/nauchnaya-fantastika\/#primaryimage\"},\"datePublished\":\"2023-03-07T16:32:03+00:00\",\"dateModified\":\"2023-03-26T11:37:49+00:00\",\"breadcrumb\":{\"@id\":\"https:\/\/yar.deutschetage.ru\/nauchnaya-fantastika\/#breadcrumb\"},\"inLanguage\":\"de-DE\",\"potentialAction\":[{\"@type\":\"ReadAction\",\"target\":[\"https:\/\/yar.deutschetage.ru\/nauchnaya-fantastika\/\"]}]},{\"@type\":\"BreadcrumbList\",\"@id\":\"https:\/\/yar.deutschetage.ru\/nauchnaya-fantastika\/#breadcrumb\",\"itemListElement\":[{\"@type\":\"ListItem\",\"position\":1,\"item\":{\"@type\":\"WebPage\",\"@id\":\"https:\/\/yar.deutschetage.ru\/\",\"url\":\"https:\/\/yar.deutschetage.ru\/\",\"name\":\"\\u0413\\u043b\\u0430\\u0432\\u043d\\u0430\\u044f\"}},{\"@type\":\"ListItem\",\"position\":2,\"item\":{\"@type\":\"WebPage\",\"@id\":\"https:\/\/yar.deutschetage.ru\/nauchnaya-fantastika\/\",\"url\":\"https:\/\/yar.deutschetage.ru\/nauchnaya-fantastika\/\",\"name\":\"Wissenschaftliche Fantastik oder fantastische Wissenschaft - Deutsche Tage in der Region Jaroslawl\"}}]}]}<\/script>\n<!-- \/ Yoast SEO plugin. -->","_links":{"self":[{"href":"https:\/\/yar.deutschetage.ru\/de\/wp-json\/wp\/v2\/pages\/3099"}],"collection":[{"href":"https:\/\/yar.deutschetage.ru\/de\/wp-json\/wp\/v2\/pages"}],"about":[{"href":"https:\/\/yar.deutschetage.ru\/de\/wp-json\/wp\/v2\/types\/page"}],"author":[{"embeddable":true,"href":"https:\/\/yar.deutschetage.ru\/de\/wp-json\/wp\/v2\/users\/1"}],"replies":[{"embeddable":true,"href":"https:\/\/yar.deutschetage.ru\/de\/wp-json\/wp\/v2\/comments?post=3099"}],"version-history":[{"count":4,"href":"https:\/\/yar.deutschetage.ru\/de\/wp-json\/wp\/v2\/pages\/3099\/revisions"}],"predecessor-version":[{"id":3181,"href":"https:\/\/yar.deutschetage.ru\/de\/wp-json\/wp\/v2\/pages\/3099\/revisions\/3181"}],"wp:featuredmedia":[{"embeddable":true,"href":"https:\/\/yar.deutschetage.ru\/de\/wp-json\/wp\/v2\/media\/3100"}],"wp:attachment":[{"href":"https:\/\/yar.deutschetage.ru\/de\/wp-json\/wp\/v2\/media?parent=3099"}],"curies":[{"name":"wp","href":"https:\/\/api.w.org\/{rel}","templated":true}]}}