{"id":3965,"date":"2024-02-04T14:10:45","date_gmt":"2024-02-04T14:10:45","guid":{"rendered":"https:\/\/yar.deutschetage.ru\/?page_id=3965"},"modified":"2024-10-03T09:36:22","modified_gmt":"2024-10-03T09:36:22","slug":"puteshestvie-v-mir-knig","status":"publish","type":"page","link":"https:\/\/yar.deutschetage.ru\/de\/","title":{"rendered":"WANDERUNG ZUM LESEN"},"content":{"rendered":"\n<p>Das Festival der deutschen Sprache und deutschen Kultur im Jahr 2024 ist der deutschen Literatur gewidmet. Die diesj\u00e4hrigen Veranstaltungen konzentrieren sich auf bedeutende Daten: 275 Jahre seit der Geburt von Wolfgang von Goethe und 250 Jahre seit seinem sentimentalen Roman \u201eDie Leiden des jungen Werthers\u201c, 265 Jahre seit der Geburt von Friedrich Schiller und 220 Jahre seit seinem Roman \u201eWilhelm Tell\u201c. , 95 Jahre seit dem Geburtstag von Michael Ende, 45 Jahre seines Romans \u201eDie unendliche Geschichte\u201c, 40 Jahre der Verfilmung seines Romans \u201eDie unendliche Geschichte\u201c, sowie deutsche M\u00e4rchen der Br\u00fcder Grimm, Hoffmann, Hauff, usw. Das ganze Jahr \u00fcber finden neue kreative Wettbewerbe, interessante Treffen und spannende Wettbewerbe unter dem allgemeinen Titel \u201eReise in die Welt der B\u00fccher\u201c statt.<\/p>\n","protected":false},"excerpt":{"rendered":"<p>Das Festival der deutschen Sprache und deutschen Kultur im Jahr 2024 ist der deutschen Literatur gewidmet. Die diesj\u00e4hrigen Veranstaltungen konzentrieren sich auf bedeutende Daten: 275 Jahre seit der Geburt von Wolfgang von Goethe und 250 Jahre seit seinem sentimentalen Roman \u201eDie Leiden des jungen Werthers\u201c, 265 Jahre seit der Geburt von Friedrich Schiller und 220 [&hellip;]<\/p>\n","protected":false},"author":1,"featured_media":0,"parent":0,"menu_order":0,"comment_status":"closed","ping_status":"closed","template":"page-templates\/home-2024.php","meta":[],"yoast_head":"<!-- This site is optimized with the Yoast SEO plugin v14.9 - https:\/\/yoast.com\/wordpress\/plugins\/seo\/ -->\n<title>WANDERUNG ZUM LESEN - Deutsche Tage in der Region Jaroslawl<\/title>\n<meta name=\"robots\" content=\"index, follow, max-snippet:-1, max-image-preview:large, max-video-preview:-1\" \/>\n<link rel=\"canonical\" href=\"https:\/\/yar.deutschetage.ru\/\" \/>\n<meta property=\"og:locale\" content=\"de_DE\" \/>\n<meta property=\"og:type\" content=\"article\" \/>\n<meta property=\"og:title\" content=\"WANDERUNG ZUM LESEN - Deutsche Tage in der Region Jaroslawl\" \/>\n<meta property=\"og:url\" content=\"https:\/\/yar.deutschetage.ru\/\" \/>\n<meta property=\"og:site_name\" content=\"Deutsche Tage in der Region Jaroslawl\" \/>\n<meta property=\"article:publisher\" content=\"https:\/\/www.facebook.com\/groups\/druzjagermanii\" \/>\n<meta property=\"article:modified_time\" content=\"2024-10-03T09:36:22+00:00\" \/>\n<meta name=\"twitter:card\" content=\"summary_large_image\" \/>\n<script type=\"application\/ld+json\" class=\"yoast-schema-graph\">{\"@context\":\"https:\/\/schema.org\",\"@graph\":[{\"@type\":\"WebSite\",\"@id\":\"https:\/\/yar.deutschetage.ru\/de\/#website\",\"url\":\"https:\/\/yar.deutschetage.ru\/de\/\",\"name\":\"Deutsche Tage in der Region Jaroslawl\",\"description\":\"Wissenschaftliche Fantastik oder fantastische Wissenschaft\",\"potentialAction\":[{\"@type\":\"SearchAction\",\"target\":\"https:\/\/yar.deutschetage.ru\/de\/?s={search_term_string}\",\"query-input\":\"required name=search_term_string\"}],\"inLanguage\":\"de-DE\"},{\"@type\":\"WebPage\",\"@id\":\"https:\/\/yar.deutschetage.ru\/#webpage\",\"url\":\"https:\/\/yar.deutschetage.ru\/\",\"name\":\"WANDERUNG ZUM LESEN - Deutsche Tage in der Region Jaroslawl\",\"isPartOf\":{\"@id\":\"https:\/\/yar.deutschetage.ru\/de\/#website\"},\"datePublished\":\"2024-02-04T14:10:45+00:00\",\"dateModified\":\"2024-10-03T09:36:22+00:00\",\"breadcrumb\":{\"@id\":\"https:\/\/yar.deutschetage.ru\/#breadcrumb\"},\"inLanguage\":\"de-DE\",\"potentialAction\":[{\"@type\":\"ReadAction\",\"target\":[\"https:\/\/yar.deutschetage.ru\/\"]}]},{\"@type\":\"BreadcrumbList\",\"@id\":\"https:\/\/yar.deutschetage.ru\/#breadcrumb\",\"itemListElement\":[{\"@type\":\"ListItem\",\"position\":1,\"item\":{\"@type\":\"WebPage\",\"@id\":\"https:\/\/yar.deutschetage.ru\/\",\"url\":\"https:\/\/yar.deutschetage.ru\/\",\"name\":\"\\u0413\\u043b\\u0430\\u0432\\u043d\\u0430\\u044f\"}},{\"@type\":\"ListItem\",\"position\":2,\"item\":{\"@type\":\"WebPage\",\"@id\":\"https:\/\/yar.deutschetage.ru\/\",\"url\":\"https:\/\/yar.deutschetage.ru\/\",\"name\":\"\\u041f\\u0443\\u0442\\u0435\\u0448\\u0435\\u0441\\u0442\\u0432\\u0438\\u0435 \\u0432 \\u043c\\u0438\\u0440 \\u043a\\u043d\\u0438\\u0433\"}}]}]}<\/script>\n<!-- \/ Yoast SEO plugin. -->","_links":{"self":[{"href":"https:\/\/yar.deutschetage.ru\/de\/wp-json\/wp\/v2\/pages\/3965"}],"collection":[{"href":"https:\/\/yar.deutschetage.ru\/de\/wp-json\/wp\/v2\/pages"}],"about":[{"href":"https:\/\/yar.deutschetage.ru\/de\/wp-json\/wp\/v2\/types\/page"}],"author":[{"embeddable":true,"href":"https:\/\/yar.deutschetage.ru\/de\/wp-json\/wp\/v2\/users\/1"}],"replies":[{"embeddable":true,"href":"https:\/\/yar.deutschetage.ru\/de\/wp-json\/wp\/v2\/comments?post=3965"}],"version-history":[{"count":5,"href":"https:\/\/yar.deutschetage.ru\/de\/wp-json\/wp\/v2\/pages\/3965\/revisions"}],"predecessor-version":[{"id":4374,"href":"https:\/\/yar.deutschetage.ru\/de\/wp-json\/wp\/v2\/pages\/3965\/revisions\/4374"}],"wp:attachment":[{"href":"https:\/\/yar.deutschetage.ru\/de\/wp-json\/wp\/v2\/media?parent=3965"}],"curies":[{"name":"wp","href":"https:\/\/api.w.org\/{rel}","templated":true}]}}